{"id":16,"date":"2013-07-30T12:34:44","date_gmt":"2013-07-30T12:34:44","guid":{"rendered":"http:\/\/sjecanja.euco.in\/?page_id=16"},"modified":"2013-08-06T15:04:26","modified_gmt":"2013-08-06T15:04:26","slug":"sjecanja","status":"publish","type":"page","link":"https:\/\/sjecanja.euco.in\/?page_id=16","title":{"rendered":"Sje\u0107anja"},"content":{"rendered":"<p>&nbsp;<\/p>\n<p style=\"text-align: left;\">Sje\u0107anja na na\u0161e drage pokojne je stranica spomena na na\u0161e drage pokojne.<\/p>\n<p style=\"text-align: left;\">U izradi &#8230;.<\/p>\n","protected":false},"excerpt":{"rendered":"<p>&nbsp; Sje\u0107anja na na\u0161e drage pokojne je stranica spomena na na\u0161e drage pokojne. U izradi &#8230;.<\/p>\n","protected":false},"author":1,"featured_media":0,"parent":0,"menu_order":1,"comment_status":"closed","ping_status":"closed","template":"","meta":{"footnotes":""},"class_list":["post-16","page","type-page","status-publish","hentry"],"_links":{"self":[{"href":"https:\/\/sjecanja.euco.in\/index.php?rest_route=\/wp\/v2\/pages\/16","targetHints":{"allow":["GET"]}}],"collection":[{"href":"https:\/\/sjecanja.euco.in\/index.php?rest_route=\/wp\/v2\/pages"}],"about":[{"href":"https:\/\/sjecanja.euco.in\/index.php?rest_route=\/wp\/v2\/types\/page"}],"author":[{"embeddable":true,"href":"https:\/\/sjecanja.euco.in\/index.php?rest_route=\/wp\/v2\/users\/1"}],"replies":[{"embeddable":true,"href":"https:\/\/sjecanja.euco.in\/index.php?rest_route=%2Fwp%2Fv2%2Fcomments&post=16"}],"version-history":[{"count":4,"href":"https:\/\/sjecanja.euco.in\/index.php?rest_route=\/wp\/v2\/pages\/16\/revisions"}],"predecessor-version":[{"id":66,"href":"https:\/\/sjecanja.euco.in\/index.php?rest_route=\/wp\/v2\/pages\/16\/revisions\/66"}],"wp:attachment":[{"href":"https:\/\/sjecanja.euco.in\/index.php?rest_route=%2Fwp%2Fv2%2Fmedia&parent=16"}],"curies":[{"name":"wp","href":"https:\/\/api.w.org\/{rel}","templated":true}]}}